{"id":5,"date":"2012-05-16T09:13:52","date_gmt":"2012-05-16T09:13:52","guid":{"rendered":"http:\/\/www.mbsr.co.at\/?page_id=5"},"modified":"2022-10-20T14:15:43","modified_gmt":"2022-10-20T12:15:43","slug":"willkommen","status":"publish","type":"page","link":"https:\/\/www.studiokaron.at\/mbsr\/","title":{"rendered":"Willkommen"},"content":{"rendered":"<h4>Du kannst die Wellen nicht stoppen, aber du kannst lernen sie zu reiten.<\/h4>\n<p>Herzlich Willkommen auf der Homepage von Antje Kirchknopf, Stressbew\u00e4ltigung durch Achtsamkeit MBSR (Mindfulness Based Stress Reduction) nach Jon Kabat-Zinn und GFK (Gewaltfreie Kommunikation) nach Marshall B. Rosenberg.<\/p>\n<h4>Stress und Burnout<\/h4>\n<p>sind mittlerweile Zivilisationskrankheiten. Als Vorbeugung wird oft empfohlen, sich Ruhe zu g\u00f6nnen, abzuschalten, im \u201eJetzt\u201c zu\u00a0sein, aus dem Gedankenrad auszusteigen, die kleinen Augenblicke des Lebens zu genie\u00dfen, die Zukunft und die Vergangenheit loszulassen.<\/p>\n<h4>Gut gesagt, aber wie getan?<\/h4>\n<p>Loslassen oder im Hier und Jetzt sein ist schwieriger als man denkt und ben\u00f6tigt vor allem gezielte \u00dcbung. Viele, die versuchen aus dem Hamsterrad ihrer Gedanken auszubrechen, werden bemerken, dass sie oft schon nach nur ein paar Minuten Entspannung wieder in ihrem alten Kreislauf gefangen sind.<\/p>\n<p>Wenn Sie Interesse haben wie Sie die heilsame Kraft der Achtsamkeit f\u00fcr sich n\u00fctzen k\u00f6nnen, lernen wollen aus dem Hamsterrad auszusteigen \u2014 mit einer Methode die sie \u00fcberall anwenden k\u00f6nnen, beim Sitzen, beim Gehen und sogar beim Essen \u2014 lade ich Sie ein, sich \u00fcber meine Angebote unter <a title=\"Die MBSR Methode\" href=\"http:\/\/www.mbsr.co.at\/?page_id=8\">Die MBSR Methode<\/a> zu informieren.<\/p>\n<p>4 Minuten Achtsamkeitsmeditation auf <a href=\"http:\/\/www.youtube.com\/watch?v=gOrto3GsTRg&amp;feature=youtu.be\">Youtube\u00a0<\/a><\/p>\n<p><strong>ACHTUNG! Um eine Kontinuit\u00e4t im Kursablauf zu gew\u00e4hrleisten finden alle Kurse Online per Skype oder Zoom Meeting statt. Infos unter 06767019373 oder <a>office@karonkultur.at<\/a><\/strong><\/p>\n<p>&nbsp;<\/p>\n","protected":false},"excerpt":{"rendered":"<p>Du kannst die Wellen nicht stoppen, aber du kannst lernen sie zu reiten. Herzlich Willkommen auf der Homepage von Antje Kirchknopf, Stressbew\u00e4ltigung durch Achtsamkeit MBSR (Mindfulness Based Stress Reduction) nach Jon Kabat-Zinn und GFK (Gewaltfreie Kommunikation) nach Marshall B. Rosenberg. Stress und Burnout sind mittlerweile Zivilisationskrankheiten. Als Vorbeugung wird oft empfohlen, sich Ruhe zu g\u00f6nnen, [&hellip;]<\/p>\n","protected":false},"author":1,"featured_media":0,"parent":0,"menu_order":0,"comment_status":"open","ping_status":"open","template":"","meta":{"footnotes":""},"_links":{"self":[{"href":"https:\/\/www.studiokaron.at\/mbsr\/wp-json\/wp\/v2\/pages\/5"}],"collection":[{"href":"https:\/\/www.studiokaron.at\/mbsr\/wp-json\/wp\/v2\/pages"}],"about":[{"href":"https:\/\/www.studiokaron.at\/mbsr\/wp-json\/wp\/v2\/types\/page"}],"author":[{"embeddable":true,"href":"https:\/\/www.studiokaron.at\/mbsr\/wp-json\/wp\/v2\/users\/1"}],"replies":[{"embeddable":true,"href":"https:\/\/www.studiokaron.at\/mbsr\/wp-json\/wp\/v2\/comments?post=5"}],"version-history":[{"count":28,"href":"https:\/\/www.studiokaron.at\/mbsr\/wp-json\/wp\/v2\/pages\/5\/revisions"}],"predecessor-version":[{"id":785,"href":"https:\/\/www.studiokaron.at\/mbsr\/wp-json\/wp\/v2\/pages\/5\/revisions\/785"}],"wp:attachment":[{"href":"https:\/\/www.studiokaron.at\/mbsr\/wp-json\/wp\/v2\/media?parent=5"}],"curies":[{"name":"wp","href":"https:\/\/api.w.org\/{rel}","templated":true}]}}