{"id":24,"date":"2012-05-16T09:13:10","date_gmt":"2012-05-16T09:13:10","guid":{"rendered":"http:\/\/www.mbsr.co.at\/?page_id=24"},"modified":"2019-06-07T15:40:37","modified_gmt":"2019-06-07T15:40:37","slug":"zur-person","status":"publish","type":"page","link":"https:\/\/www.studiokaron.at\/mbsr\/zur-person\/","title":{"rendered":"Zur Person"},"content":{"rendered":"<div id=\"antje\"><\/div>\n<p>Da ich als Kulturmanagerin viel Stress hatte, wollte ich eine Methode finden, Ruhe und Gelassenheit auch in meine Arbeit zu integrieren. Die MBSR Methode hat bei mir sofort funktioniert, vor allem weil sie so unkompliziert in mein Alltagsleben eingebaut werden konnte. Ich hatte danach gro\u00dfe Lust diese Methode noch besser zu studieren und sie als Trainerin an andere Stressgeplagte weiter zu geben und habe mich dazu entschlossen, neben meinem Managementberuf, als MBSR Trainerin zu arbeiten.<\/p>\n<p>Menschen in Ihrem Prozess zu begleiten bereitet mir gro\u00dfe Freude.<\/p>\n<p>&nbsp;<\/p>\n<h4>Vita:<\/h4>\n<p>Antje Kirchknopf\u00a0 wurde 1969 in Neunkirchen N\u00d6 geboren.<\/p>\n<h4>T\u00e4tigkeiten:<\/h4>\n<p>Antje Kirchknopf arbeitet selbst\u00e4ndig als S\u00e4ngerin,Vocalcoach und Regisseurin, ihre Operetten-Produktionen wurden u.a. im gro\u00dfen Salzburger Festspielhaus, Deutschen Theater M\u00fcnchen, Kongresshaus Z\u00fcrich aufgef\u00fchrt. Seit 1991\u00a0Managerin und Leiterin der eigenen Kunstagentur &#8222;Karon Kultur&#8220;\u00a0mit der sie 2006 beim Woman Award ausgezeichnet wurde. Zus\u00e4tzlich neben dem Kunstberuf seit 2011 zertifizierte MBSR Trainerin\/Vortragende in staatlichen und privaten Betrieben t\u00e4tig. N\u00e4here Infos siehe unter: Referenzen.<\/p>\n<h4>Seit 2009 Besch\u00e4ftigung mit Meditation, Weiterbildungen und Ausbildungen bei folgenden Lehrern:<\/h4>\n<ul>\n<li>Marie Mannschatz, Bhante Seelawansa, Meditationsretreats und Einzelstunden in Metta und Vipassana Meditation<\/li>\n<li>Vipassana Meditation bei Andrea und Hannes Huber<\/li>\n<li>MBSR Zertifizierung 2012\u00a0 IAS, Dr. Linda Lehrhaupt, Institut f\u00fcr Achtsamkeit<\/li>\n<li>Weiterbildung bei Dr. Jon Kabat-Zinn und Dr. Saki Santorelli<\/li>\n<li>MSC Weiterbildung bei Christopher Germer, Christine Br\u00e4hler, Mindful Self-Compassion. Der achtsame Weg zur Selbstliebe<\/li>\n<li>Weiterbildung Einsichts-Dialog Gregory Kramer<\/li>\n<li>Achtsamkeitsseminare: Achtsame Wirtschaft bei Dr. Kai Romhardt<\/li>\n<li>I.A. seit 2011 GFK Gewaltfreie Kommunikation (Marshal B. Rosenberg) bei Deborah Bellamy , Klaus Karst\u00e4dt (Gesamt UE 15 Tage Praxis)<\/li>\n<li>Thom Bond, Jahreskurs GFK (Gewaltfreie Kommunikation M.B. Rosenberg) Mitgef\u00fchl als Weg<\/li>\n<li>Weiterbildung MBCT (Mindfulness Based Cognitive Therapie) bei Petra Meibert<\/li>\n<li>Achtsamkeitskurs, Britta H\u00f6lzel<\/li>\n<li>Weiterbildung nach Viktor Frankl\/ Seminar Sinn-erf\u00fcllt arbeiten und gesund bleiben, H. Pichler<\/li>\n<\/ul>\n<div id=\"stein\"><\/div>\n","protected":false},"excerpt":{"rendered":"<p>Da ich als Kulturmanagerin viel Stress hatte, wollte ich eine Methode finden, Ruhe und Gelassenheit auch in meine Arbeit zu integrieren. Die MBSR Methode hat bei mir sofort funktioniert, vor allem weil sie so unkompliziert in mein Alltagsleben eingebaut werden konnte. Ich hatte danach gro\u00dfe Lust diese Methode noch besser zu studieren und sie als [&hellip;]<\/p>\n","protected":false},"author":1,"featured_media":0,"parent":0,"menu_order":10,"comment_status":"open","ping_status":"open","template":"","meta":{"footnotes":""},"_links":{"self":[{"href":"https:\/\/www.studiokaron.at\/mbsr\/wp-json\/wp\/v2\/pages\/24"}],"collection":[{"href":"https:\/\/www.studiokaron.at\/mbsr\/wp-json\/wp\/v2\/pages"}],"about":[{"href":"https:\/\/www.studiokaron.at\/mbsr\/wp-json\/wp\/v2\/types\/page"}],"author":[{"embeddable":true,"href":"https:\/\/www.studiokaron.at\/mbsr\/wp-json\/wp\/v2\/users\/1"}],"replies":[{"embeddable":true,"href":"https:\/\/www.studiokaron.at\/mbsr\/wp-json\/wp\/v2\/comments?post=24"}],"version-history":[{"count":76,"href":"https:\/\/www.studiokaron.at\/mbsr\/wp-json\/wp\/v2\/pages\/24\/revisions"}],"predecessor-version":[{"id":749,"href":"https:\/\/www.studiokaron.at\/mbsr\/wp-json\/wp\/v2\/pages\/24\/revisions\/749"}],"wp:attachment":[{"href":"https:\/\/www.studiokaron.at\/mbsr\/wp-json\/wp\/v2\/media?parent=24"}],"curies":[{"name":"wp","href":"https:\/\/api.w.org\/{rel}","templated":true}]}}