{"id":22,"date":"2012-05-16T09:12:57","date_gmt":"2012-05-16T09:12:57","guid":{"rendered":"http:\/\/www.mbsr.co.at\/?page_id=22"},"modified":"2018-06-22T14:22:38","modified_gmt":"2018-06-22T14:22:38","slug":"literatur-links","status":"publish","type":"page","link":"https:\/\/www.studiokaron.at\/mbsr\/literatur-links\/","title":{"rendered":"Literatur, Links"},"content":{"rendered":"<h4><em>Jeder Moment von Achtsamkeit ist eine Bekr\u00e4ftignung f\u00fcr das Leben. Jeder Moment von Achtsamkeit z\u00e4hlt. (Jack Kornfield)<\/em><\/h4>\n<h3><\/h3>\n<h3>Literatur:<\/h3>\n<h4>Jon Kabat-Zinn:<\/h4>\n<ul>\n<li>Gesund durch Meditation (Droemer\/Knaur Verlag)<\/li>\n<li>Jeder Augenblick kann dein Lehrer sein (Droemer\/Knaur Verlag)<\/li>\n<li>Im Alltag Ruhe finden (Droemer\/Knaur Verlag)<\/li>\n<li>108 Momente der Achtsamkeit (Arbor Verlag)<\/li>\n<\/ul>\n<h4>Linda Lehrhaupt, Petra Meibert:<\/h4>\n<ul>\n<li>Stille in Bewegung (Thesues Verlag)<\/li>\n<li>Stressbew\u00e4ltigung mit Achtsamkeit (K\u00f6sel Verlag)<\/li>\n<li>Der achtsame Weg aus dem Gr\u00fcbelkarusell (K\u00f6sel Verlag)<\/li>\n<\/ul>\n<div id=\"stein\"><\/div>\n<h3>Links:<\/h3>\n<ul>\n<li><a href=\"https:\/\/mbsr-mbct.at\/\" target=\"_blank\">MBSR Verband \u00d6sterreich<\/a><\/li>\n<li><a href=\"http:\/\/www.institut-fuer-achtsamkeit.de\" target=\"blank\">MBSR Verband Deutschland<\/a><\/li>\n<li><a href=\"http:\/\/www.umassmed.edu\/cfm\/index.aspx\" target=\"blank\">Center for Mindfulness Massachusetts<\/a><\/li>\n<li><a href=\"https:\/\/goamra.org\/publications\/mindfulness-research-monthly\/\" target=\"_blank\">MBSR Forschung<\/a><\/li>\n<\/ul>\n<p>&nbsp;<\/p>\n","protected":false},"excerpt":{"rendered":"<p>Jeder Moment von Achtsamkeit ist eine Bekr\u00e4ftignung f\u00fcr das Leben. Jeder Moment von Achtsamkeit z\u00e4hlt. (Jack Kornfield) Literatur: Jon Kabat-Zinn: Gesund durch Meditation (Droemer\/Knaur Verlag) Jeder Augenblick kann dein Lehrer sein (Droemer\/Knaur Verlag) Im Alltag Ruhe finden (Droemer\/Knaur Verlag) 108 Momente der Achtsamkeit (Arbor Verlag) Linda Lehrhaupt, Petra Meibert: Stille in Bewegung (Thesues Verlag) Stressbew\u00e4ltigung [&hellip;]<\/p>\n","protected":false},"author":1,"featured_media":0,"parent":0,"menu_order":9,"comment_status":"open","ping_status":"open","template":"","meta":{"footnotes":""},"_links":{"self":[{"href":"https:\/\/www.studiokaron.at\/mbsr\/wp-json\/wp\/v2\/pages\/22"}],"collection":[{"href":"https:\/\/www.studiokaron.at\/mbsr\/wp-json\/wp\/v2\/pages"}],"about":[{"href":"https:\/\/www.studiokaron.at\/mbsr\/wp-json\/wp\/v2\/types\/page"}],"author":[{"embeddable":true,"href":"https:\/\/www.studiokaron.at\/mbsr\/wp-json\/wp\/v2\/users\/1"}],"replies":[{"embeddable":true,"href":"https:\/\/www.studiokaron.at\/mbsr\/wp-json\/wp\/v2\/comments?post=22"}],"version-history":[{"count":37,"href":"https:\/\/www.studiokaron.at\/mbsr\/wp-json\/wp\/v2\/pages\/22\/revisions"}],"predecessor-version":[{"id":713,"href":"https:\/\/www.studiokaron.at\/mbsr\/wp-json\/wp\/v2\/pages\/22\/revisions\/713"}],"wp:attachment":[{"href":"https:\/\/www.studiokaron.at\/mbsr\/wp-json\/wp\/v2\/media?parent=22"}],"curies":[{"name":"wp","href":"https:\/\/api.w.org\/{rel}","templated":true}]}}