{"id":10,"date":"2012-05-16T09:11:20","date_gmt":"2012-05-16T09:11:20","guid":{"rendered":"http:\/\/www.mbsr.co.at\/?page_id=10"},"modified":"2022-10-17T13:48:37","modified_gmt":"2022-10-17T11:48:37","slug":"mbsr-kurse-kosten","status":"publish","type":"page","link":"https:\/\/www.studiokaron.at\/mbsr\/mbsr-kurse-kosten\/","title":{"rendered":"MBSR Kurse &amp; Kosten"},"content":{"rendered":"<h4><em>Wir bitten um die Gelassenheit, Dinge hinzunehmen, die wir nicht \u00e4ndern k\u00f6nnen, den Mut, Dinge zu \u00e4ndern, die wir \u00e4ndern k\u00f6nnen und die Weisheit, das eine vom anderen zu unterscheiden.<\/em><\/h4>\n<h4><strong>\u00a0<\/strong><\/h4>\n<p><strong>Achtung, um Kontinuit\u00e4t im Kursablauf zu gew\u00e4hrleisten finden alle Kurse Online via Zoom Meeting oder Skype statt.<\/strong><\/p>\n<ul>\n<li>Seit Jahren laufende Kurse in der Verwaltungsakademie des Bundes, Bundesministerium Sektion III\/6<br \/>\n<h4>8-Wochen Gruppenkurs f\u00fcr Privatpersonen (Minimum 6 Personen, Maximum 14 Personen)<\/h4>\n<ul>\n<li style=\"list-style-type: none\">\n<ul>\n<li>INFO: da meine Seminare haupts\u00e4chlich in Betrieben statt finden ist zur Zeit kein privater Gruppenkurs geplant. Privat kann jedoch jeder Zeit ein Online Einzelcoaching gebucht werden. Infos unter 06767019373 oder <a>office@karonkultur.at<\/a><\/li>\n<\/ul>\n<\/li>\n<\/ul>\n<h4>9-Wochen Gruppenkurs f\u00fcr Betriebe (Minimum 6 Personen, Maximum 14 Personen) oder Einzelcoaching<\/h4>\n<ul>\n<li>9 x 1 1\/2 Stunden via Zoom Meeting direkt in Ihrer Firma oder\u00a0 Homeoffice ihrer Mitarbeiter m\u00f6glich. Ganzj\u00e4hrig buchbar.<\/li>\n<li>9 x 1 1\/2 Stunden via Zoom oder Skype im Einzelcoaching. Ganzj\u00e4hrig buchbar. Infos unter 06767019373 oder <a href=\"mailto:office@karonkultur.at\">office@karonkultur.at<\/a><strong><br \/>\n<\/strong><\/li>\n<\/ul>\n<\/li>\n<\/ul>\n","protected":false},"excerpt":{"rendered":"<p>Wir bitten um die Gelassenheit, Dinge hinzunehmen, die wir nicht \u00e4ndern k\u00f6nnen, den Mut, Dinge zu \u00e4ndern, die wir \u00e4ndern k\u00f6nnen und die Weisheit, das eine vom anderen zu unterscheiden. \u00a0 Achtung, um Kontinuit\u00e4t im Kursablauf zu gew\u00e4hrleisten finden alle Kurse Online via Zoom Meeting oder Skype statt. Seit Jahren laufende Kurse in der Verwaltungsakademie [&hellip;]<\/p>\n","protected":false},"author":1,"featured_media":0,"parent":0,"menu_order":3,"comment_status":"open","ping_status":"open","template":"","meta":{"footnotes":""},"_links":{"self":[{"href":"https:\/\/www.studiokaron.at\/mbsr\/wp-json\/wp\/v2\/pages\/10"}],"collection":[{"href":"https:\/\/www.studiokaron.at\/mbsr\/wp-json\/wp\/v2\/pages"}],"about":[{"href":"https:\/\/www.studiokaron.at\/mbsr\/wp-json\/wp\/v2\/types\/page"}],"author":[{"embeddable":true,"href":"https:\/\/www.studiokaron.at\/mbsr\/wp-json\/wp\/v2\/users\/1"}],"replies":[{"embeddable":true,"href":"https:\/\/www.studiokaron.at\/mbsr\/wp-json\/wp\/v2\/comments?post=10"}],"version-history":[{"count":159,"href":"https:\/\/www.studiokaron.at\/mbsr\/wp-json\/wp\/v2\/pages\/10\/revisions"}],"predecessor-version":[{"id":755,"href":"https:\/\/www.studiokaron.at\/mbsr\/wp-json\/wp\/v2\/pages\/10\/revisions\/755"}],"wp:attachment":[{"href":"https:\/\/www.studiokaron.at\/mbsr\/wp-json\/wp\/v2\/media?parent=10"}],"curies":[{"name":"wp","href":"https:\/\/api.w.org\/{rel}","templated":true}]}}